{"id":426,"date":"2020-10-28T13:16:51","date_gmt":"2020-10-28T13:16:51","guid":{"rendered":"http:\/\/ikaros.eu5.net\/?page_id=426"},"modified":"2020-10-28T13:16:51","modified_gmt":"2020-10-28T13:16:51","slug":"notre-livre","status":"publish","type":"page","link":"https:\/\/www.argyxgames.com\/legacy\/hellas\/dpmtv\/fr\/notre-livre\/","title":{"rendered":"Notre livre"},"content":{"rendered":"<p style=\"text-align: left;\"><img loading=\"lazy\" decoding=\"async\" class=\"alignleft wp-image-427\" src=\"http:\/\/argyxgames.com\/legacy\/hellas\/dpmtv\/wp-content\/uploads\/2020\/10\/Anakalypso-1.jpg\" alt=\"\" width=\"250\" height=\"399\" srcset=\"https:\/\/www.argyxgames.com\/legacy\/hellas\/dpmtv\/wp-content\/uploads\/2020\/10\/Anakalypso-1.jpg 1410w, https:\/\/www.argyxgames.com\/legacy\/hellas\/dpmtv\/wp-content\/uploads\/2020\/10\/Anakalypso-1-188x300.jpg 188w, https:\/\/www.argyxgames.com\/legacy\/hellas\/dpmtv\/wp-content\/uploads\/2020\/10\/Anakalypso-1-642x1024.jpg 642w, https:\/\/www.argyxgames.com\/legacy\/hellas\/dpmtv\/wp-content\/uploads\/2020\/10\/Anakalypso-1-768x1226.jpg 768w, https:\/\/www.argyxgames.com\/legacy\/hellas\/dpmtv\/wp-content\/uploads\/2020\/10\/Anakalypso-1-963x1536.jpg 963w, https:\/\/www.argyxgames.com\/legacy\/hellas\/dpmtv\/wp-content\/uploads\/2020\/10\/Anakalypso-1-1283x2048.jpg 1283w\" sizes=\"auto, (max-width: 250px) 100vw, 250px\" \/>Notre guide en chef, Konstantinos Gritsis, est l&rsquo;auteur d&rsquo;un livre fantastique sur la m\u00e9ditation et les retraites sportives dans les \u00eeles du Dod\u00e9can\u00e8se. \u00c0 la fois pratique et inspirant, <em>Anakalypso<\/em> sera votre compagnon id\u00e9al pour votre prochain s\u00e9jour en Gr\u00e8ce. Disponible maintenant dans toutes les bonnes librairies!<\/p>\n","protected":false},"excerpt":{"rendered":"<p>Notre guide en chef, Konstantinos Gritsis, est l&rsquo;auteur d&rsquo;un livre fantastique sur la m\u00e9ditation et les retraites sportives dans les \u00eeles du Dod\u00e9can\u00e8se. \u00c0 la fois pratique et inspirant, Anakalypso&#8230;<\/p>\n","protected":false},"author":1,"featured_media":0,"parent":0,"menu_order":0,"comment_status":"closed","ping_status":"closed","template":"","meta":{"footnotes":""},"class_list":["post-426","page","type-page","status-publish","hentry"],"_links":{"self":[{"href":"https:\/\/www.argyxgames.com\/legacy\/hellas\/dpmtv\/wp-json\/wp\/v2\/pages\/426","targetHints":{"allow":["GET"]}}],"collection":[{"href":"https:\/\/www.argyxgames.com\/legacy\/hellas\/dpmtv\/wp-json\/wp\/v2\/pages"}],"about":[{"href":"https:\/\/www.argyxgames.com\/legacy\/hellas\/dpmtv\/wp-json\/wp\/v2\/types\/page"}],"author":[{"embeddable":true,"href":"https:\/\/www.argyxgames.com\/legacy\/hellas\/dpmtv\/wp-json\/wp\/v2\/users\/1"}],"replies":[{"embeddable":true,"href":"https:\/\/www.argyxgames.com\/legacy\/hellas\/dpmtv\/wp-json\/wp\/v2\/comments?post=426"}],"version-history":[{"count":0,"href":"https:\/\/www.argyxgames.com\/legacy\/hellas\/dpmtv\/wp-json\/wp\/v2\/pages\/426\/revisions"}],"wp:attachment":[{"href":"https:\/\/www.argyxgames.com\/legacy\/hellas\/dpmtv\/wp-json\/wp\/v2\/media?parent=426"}],"curies":[{"name":"wp","href":"https:\/\/api.w.org\/{rel}","templated":true}]}}