{"id":72,"date":"2019-08-17T14:59:01","date_gmt":"2019-08-17T14:59:01","guid":{"rendered":"http:\/\/ikaros.eu5.net\/?page_id=72"},"modified":"2019-08-17T14:59:01","modified_gmt":"2019-08-17T14:59:01","slug":"reservez-votre-tour-personnalise","status":"publish","type":"page","link":"https:\/\/www.argyxgames.com\/legacy\/hellas\/dpmtv\/fr\/reservez-votre-tour-personnalise\/","title":{"rendered":"R\u00e9servez votre tour personnalis\u00e9"},"content":{"rendered":"<p>Visites d\u00e9di\u00e9es et s\u00e9lectionn\u00e9es, priv\u00e9es ou semi-priv\u00e9es pour les passagers de nos excursions en bateau autour des plus belles \u00eeles de la mer Eg\u00e9e. Nous assurons les meilleurs voyages, des prix d\u00e9fiant toute concurrence, des horaires garantis et des guides professionnels. Contactez-nous pour personnaliser l\u2019excursion parfaite selon vos demandes.<\/p>\n","protected":false},"excerpt":{"rendered":"<p>Visites d\u00e9di\u00e9es et s\u00e9lectionn\u00e9es, priv\u00e9es ou semi-priv\u00e9es pour les passagers de nos excursions en bateau autour des plus belles \u00eeles de la mer Eg\u00e9e. Nous assurons les meilleurs voyages, des&#8230;<\/p>\n","protected":false},"author":1,"featured_media":125,"parent":0,"menu_order":0,"comment_status":"closed","ping_status":"closed","template":"","meta":{"footnotes":""},"class_list":["post-72","page","type-page","status-publish","has-post-thumbnail","hentry"],"_links":{"self":[{"href":"https:\/\/www.argyxgames.com\/legacy\/hellas\/dpmtv\/wp-json\/wp\/v2\/pages\/72","targetHints":{"allow":["GET"]}}],"collection":[{"href":"https:\/\/www.argyxgames.com\/legacy\/hellas\/dpmtv\/wp-json\/wp\/v2\/pages"}],"about":[{"href":"https:\/\/www.argyxgames.com\/legacy\/hellas\/dpmtv\/wp-json\/wp\/v2\/types\/page"}],"author":[{"embeddable":true,"href":"https:\/\/www.argyxgames.com\/legacy\/hellas\/dpmtv\/wp-json\/wp\/v2\/users\/1"}],"replies":[{"embeddable":true,"href":"https:\/\/www.argyxgames.com\/legacy\/hellas\/dpmtv\/wp-json\/wp\/v2\/comments?post=72"}],"version-history":[{"count":0,"href":"https:\/\/www.argyxgames.com\/legacy\/hellas\/dpmtv\/wp-json\/wp\/v2\/pages\/72\/revisions"}],"wp:featuredmedia":[{"embeddable":true,"href":"https:\/\/www.argyxgames.com\/legacy\/hellas\/dpmtv\/wp-json\/wp\/v2\/media\/125"}],"wp:attachment":[{"href":"https:\/\/www.argyxgames.com\/legacy\/hellas\/dpmtv\/wp-json\/wp\/v2\/media?parent=72"}],"curies":[{"name":"wp","href":"https:\/\/api.w.org\/{rel}","templated":true}]}}